{"id":145,"date":"2026-01-13T17:11:12","date_gmt":"2026-01-13T17:11:12","guid":{"rendered":"https:\/\/saezpro.com\/?page_id=145"},"modified":"2026-01-20T15:49:53","modified_gmt":"2026-01-20T15:49:53","slug":"services","status":"publish","type":"page","link":"https:\/\/saezpro.com\/index.php\/services\/","title":{"rendered":"SERVICES"},"content":{"rendered":"\t\t<div data-elementor-type=\"wp-page\" data-elementor-id=\"145\" class=\"elementor elementor-145\" data-elementor-post-type=\"page\">\n\t\t\t\t<div class=\"elementor-element elementor-element-1ef4884 e-flex e-con-boxed e-con e-parent\" data-id=\"1ef4884\" data-element_type=\"container\" data-settings=\"{&quot;background_background&quot;:&quot;classic&quot;}\">\n\t\t\t\t\t<div class=\"e-con-inner\">\n\t\t<div class=\"elementor-element elementor-element-100658c e-con-full e-flex e-con e-child\" data-id=\"100658c\" data-element_type=\"container\">\n\t\t\t\t<div class=\"elementor-element elementor-element-f52ae3f elementor-widget elementor-widget-heading\" data-id=\"f52ae3f\" data-element_type=\"widget\" data-widget_type=\"heading.default\">\n\t\t\t\t\t<h2 class=\"elementor-heading-title elementor-size-default\">NOS SERVICES<\/h2>\t\t\t\t<\/div>\n\t\t\t\t<div class=\"elementor-element elementor-element-c2b5444 elementor-widget elementor-widget-heading\" data-id=\"c2b5444\" data-element_type=\"widget\" data-widget_type=\"heading.default\">\n\t\t\t\t\t<p class=\"elementor-heading-title elementor-size-default\">Une expertise familiale reconnue<\/p>\t\t\t\t<\/div>\n\t\t\t\t<\/div>\n\t\t\t\t\t<\/div>\n\t\t\t\t<\/div>\n\t\t<div class=\"elementor-element elementor-element-94e47d8 e-flex e-con-boxed e-con e-parent\" data-id=\"94e47d8\" data-element_type=\"container\">\n\t\t\t\t\t<div class=\"e-con-inner\">\n\t\t\t\t<div class=\"elementor-element elementor-element-1701a65 elementor-widget elementor-widget-eael-fancy-text\" data-id=\"1701a65\" data-element_type=\"widget\" data-widget_type=\"eael-fancy-text.default\">\n\t\t\t\t\t\n\t<div  class=\"eael-fancy-text-container style-1\" data-fancy-text-id=\"1701a65\" data-fancy-text=\"| Chaque solution est \u00e9tudi\u00e9e selon votre b\u00e2timent et vos besoins.\" data-fancy-text-transition-type=\"zoomIn\" data-fancy-text-speed=\"\" data-fancy-text-delay=\"2500\" data-fancy-text-cursor=\"\" data-fancy-text-loop=\"yes\" data-fancy-text-action=\"view_port\" >\n\t\t\n\t\t\n\t\t\t\t\t<span id=\"eael-fancy-text-1701a65\" class=\"eael-fancy-text-strings solid-color\">\n\t\t\t\t<noscript>\n\t\t\t\t\t Chaque solution est \u00e9tudi\u00e9e selon votre b\u00e2timent et vos besoins.\t\t\t\t<\/noscript>\n\t\t\t<\/span>\n\t\t\n\t\t\t<\/div><!-- close .eael-fancy-text-container -->\n\n\t<div class=\"clearfix\"><\/div>\n\n\t\t\t\t\t<\/div>\n\t\t\t\t\t<\/div>\n\t\t\t\t<\/div>\n\t\t\t\t<section class=\"elementor-section elementor-top-section elementor-element elementor-element-f4b3546 elementor-section-full_width elementor-section-content-middle elementor-section-height-default elementor-section-height-default\" data-id=\"f4b3546\" data-element_type=\"section\">\n\t\t\t\t\t\t<div class=\"elementor-container elementor-column-gap-default\">\n\t\t\t\t\t<div class=\"elementor-column elementor-col-100 elementor-top-column elementor-element elementor-element-58639ca\" data-id=\"58639ca\" data-element_type=\"column\">\n\t\t\t<div class=\"elementor-widget-wrap elementor-element-populated\">\n\t\t\t\t\t\t<section class=\"elementor-section elementor-inner-section elementor-element elementor-element-387f6d2 elementor-section-full_width elementor-section-height-default elementor-section-height-default\" data-id=\"387f6d2\" data-element_type=\"section\">\n\t\t\t\t\t\t<div class=\"elementor-container elementor-column-gap-no\">\n\t\t\t\t\t<div class=\"elementor-column elementor-col-50 elementor-inner-column elementor-element elementor-element-ef8cf20 elementor-invisible\" data-id=\"ef8cf20\" data-element_type=\"column\" data-settings=\"{&quot;animation&quot;:&quot;slideInLeft&quot;}\">\n\t\t\t<div class=\"elementor-widget-wrap elementor-element-populated\">\n\t\t\t\t\t\t<div class=\"elementor-element elementor-element-f7ac9d7 animated-slow elementor-widget elementor-widget-image\" data-id=\"f7ac9d7\" data-element_type=\"widget\" data-settings=\"{&quot;_animation&quot;:&quot;none&quot;}\" data-widget_type=\"image.default\">\n\t\t\t\t\t\t\t\t\t\t\t\t\t\t\t<img decoding=\"async\" src=\"https:\/\/saezpro.com\/wp-content\/uploads\/elementor\/thumbs\/PHOTO-2026-01-08-13-07-35_3-rhqttksni15i3umnl1wpznqsy7dc6zmzw3nhkkcpy0.jpg\" title=\"entreprise \u00e9tanch\u00e9it\u00e9 Strasbourg\" alt=\"entreprise \u00e9tanch\u00e9it\u00e9 Strasbourg\" loading=\"lazy\" \/>\t\t\t\t\t\t\t\t\t\t\t\t\t\t\t<\/div>\n\t\t\t\t\t<\/div>\n\t\t<\/div>\n\t\t\t\t<div class=\"elementor-column elementor-col-50 elementor-inner-column elementor-element elementor-element-3bbcbd5 elementor-invisible\" data-id=\"3bbcbd5\" data-element_type=\"column\" data-settings=\"{&quot;background_background&quot;:&quot;classic&quot;,&quot;animation&quot;:&quot;slideInRight&quot;}\">\n\t\t\t<div class=\"elementor-widget-wrap elementor-element-populated\">\n\t\t\t\t\t\t<div class=\"elementor-element elementor-element-cab7368 elementor-widget elementor-widget-heading\" data-id=\"cab7368\" data-element_type=\"widget\" data-widget_type=\"heading.default\">\n\t\t\t\t\t<h2 class=\"elementor-heading-title elementor-size-default\">\u00c9tanch\u00e9it\u00e9 de toitures<\/h2>\t\t\t\t<\/div>\n\t\t\t\t<div class=\"elementor-element elementor-element-ed4a07e elementor-widget elementor-widget-text-editor\" data-id=\"ed4a07e\" data-element_type=\"widget\" data-widget_type=\"text-editor.default\">\n\t\t\t\t\t\t\t\t\t<ul><li>Toitures plates et inclin\u00e9es.<\/li><li>\u00c9tanch\u00e9it\u00e9 bitumineuse, membranes, r\u00e9sines.<\/li><li>R\u00e9paration de fuites et infiltrations.<\/li><li>R\u00e9novation et entretien de toitures.<\/li><\/ul>\t\t\t\t\t\t\t\t<\/div>\n\t\t\t\t<div class=\"elementor-element elementor-element-0467bd8 elementor-widget-divider--view-line elementor-widget elementor-widget-divider\" data-id=\"0467bd8\" data-element_type=\"widget\" data-widget_type=\"divider.default\">\n\t\t\t\t\t\t\t<div class=\"elementor-divider\">\n\t\t\t<span class=\"elementor-divider-separator\">\n\t\t\t\t\t\t<\/span>\n\t\t<\/div>\n\t\t\t\t\t\t<\/div>\n\t\t\t\t<div class=\"elementor-element elementor-element-8f37011 elementor-widget elementor-widget-heading\" data-id=\"8f37011\" data-element_type=\"widget\" data-settings=\"{&quot;_animation&quot;:&quot;none&quot;}\" data-widget_type=\"heading.default\">\n\t\t\t\t\t<h2 class=\"elementor-heading-title elementor-size-default\">Nos solutions d\u2019\u00e9tanch\u00e9it\u00e9 de toitures garantissent une protection durable contre les infiltrations et les intemp\u00e9ries.\nNous intervenons sur les toitures plates, inclin\u00e9es et structures complexes.\nNotre \u00e9quipe ma\u00eetrise l\u2019application d\u2019\u00e9tanch\u00e9it\u00e9 bitumineuse, membranes PVC\/EPDM et r\u00e9sines liquides.\nNous r\u00e9parons toutes les fuites, m\u00eame les plus difficiles \u00e0 localiser, pour stopper les d\u00e9gradations rapidement.\nNous assurons \u00e9galement la r\u00e9novation des anciennes \u00e9tanch\u00e9it\u00e9s avec des techniques performantes et ma\u00eetris\u00e9es.\nEnfin, nous proposons des contrats d\u2019entretien pour prolonger la dur\u00e9e de vie de vos couvertures et \u00e9viter les probl\u00e8mes futurs.<\/h2>\t\t\t\t<\/div>\n\t\t\t\t\t<\/div>\n\t\t<\/div>\n\t\t\t\t\t<\/div>\n\t\t<\/section>\n\t\t\t\t\t<\/div>\n\t\t<\/div>\n\t\t\t\t\t<\/div>\n\t\t<\/section>\n\t\t\t\t<section class=\"elementor-section elementor-top-section elementor-element elementor-element-18e0738 elementor-section-full_width elementor-section-content-middle elementor-section-height-default elementor-section-height-default\" data-id=\"18e0738\" data-element_type=\"section\">\n\t\t\t\t\t\t<div class=\"elementor-container elementor-column-gap-default\">\n\t\t\t\t\t<div class=\"elementor-column elementor-col-50 elementor-top-column elementor-element elementor-element-0ac1eec elementor-invisible\" data-id=\"0ac1eec\" data-element_type=\"column\" data-settings=\"{&quot;background_background&quot;:&quot;classic&quot;,&quot;animation&quot;:&quot;slideInRight&quot;}\">\n\t\t\t<div class=\"elementor-widget-wrap elementor-element-populated\">\n\t\t\t\t\t\t<div class=\"elementor-element elementor-element-d1999a7 elementor-widget elementor-widget-heading\" data-id=\"d1999a7\" data-element_type=\"widget\" data-widget_type=\"heading.default\">\n\t\t\t\t\t<h2 class=\"elementor-heading-title elementor-size-default\">\u00c9tanch\u00e9it\u00e9 de terrasses &amp; balcons<\/h2>\t\t\t\t<\/div>\n\t\t\t\t<div class=\"elementor-element elementor-element-1c1beea elementor-widget elementor-widget-text-editor\" data-id=\"1c1beea\" data-element_type=\"widget\" data-widget_type=\"text-editor.default\">\n\t\t\t\t\t\t\t\t\t<ul><li>\u00c9tanch\u00e9it\u00e9 sous carrelage.<\/li><li>Traitement des joints et relev\u00e9s.<\/li><li>Protection contre l\u2019eau stagnante.<\/li><li>Solutions adapt\u00e9es au climat marocain.<\/li><\/ul>\t\t\t\t\t\t\t\t<\/div>\n\t\t\t\t<div class=\"elementor-element elementor-element-df81077 elementor-widget-divider--view-line elementor-widget elementor-widget-divider\" data-id=\"df81077\" data-element_type=\"widget\" data-widget_type=\"divider.default\">\n\t\t\t\t\t\t\t<div class=\"elementor-divider\">\n\t\t\t<span class=\"elementor-divider-separator\">\n\t\t\t\t\t\t<\/span>\n\t\t<\/div>\n\t\t\t\t\t\t<\/div>\n\t\t\t\t<div class=\"elementor-element elementor-element-b3d1421 elementor-widget elementor-widget-heading\" data-id=\"b3d1421\" data-element_type=\"widget\" data-settings=\"{&quot;_animation&quot;:&quot;none&quot;}\" data-widget_type=\"heading.default\">\n\t\t\t\t\t<h2 class=\"elementor-heading-title elementor-size-default\">Nous r\u00e9alisons l\u2019\u00e9tanch\u00e9it\u00e9 compl\u00e8te de terrasses et balcons, accessibles ou non accessibles.\nNos solutions couvrent l\u2019\u00e9tanch\u00e9it\u00e9 sous carrelage, avec des syst\u00e8mes adapt\u00e9s aux usages ext\u00e9rieurs.\nNous prenons en charge le traitement des joints, relev\u00e9s et points sensibles pour une protection optimale.\nNotre travail \u00e9vite la stagnation de l\u2019eau, principale cause de d\u00e9collement ou d\u2019infiltration.\nChaque chantier est \u00e9tudi\u00e9 selon l\u2019exposition, l\u2019usage et le climat pour garantir la durabilit\u00e9.\nAvec des mat\u00e9riaux r\u00e9sistants \u00e0 la chaleur et aux UV marocains, vos terrasses restent \u00e9tanches toute l\u2019ann\u00e9e.<\/h2>\t\t\t\t<\/div>\n\t\t\t\t\t<\/div>\n\t\t<\/div>\n\t\t\t\t<div class=\"elementor-column elementor-col-50 elementor-top-column elementor-element elementor-element-2f5e958\" data-id=\"2f5e958\" data-element_type=\"column\">\n\t\t\t<div class=\"elementor-widget-wrap elementor-element-populated\">\n\t\t\t\t\t\t<section class=\"elementor-section elementor-inner-section elementor-element elementor-element-23b5321 elementor-section-full_width elementor-section-height-default elementor-section-height-default\" data-id=\"23b5321\" data-element_type=\"section\">\n\t\t\t\t\t\t<div class=\"elementor-container elementor-column-gap-no\">\n\t\t\t\t\t<div class=\"elementor-column elementor-col-100 elementor-inner-column elementor-element elementor-element-603b72a elementor-invisible\" data-id=\"603b72a\" data-element_type=\"column\" data-settings=\"{&quot;animation&quot;:&quot;slideInLeft&quot;}\">\n\t\t\t<div class=\"elementor-widget-wrap elementor-element-populated\">\n\t\t\t\t\t\t<div class=\"elementor-element elementor-element-f2864a1 animated-slow elementor-widget elementor-widget-image\" data-id=\"f2864a1\" data-element_type=\"widget\" data-settings=\"{&quot;_animation&quot;:&quot;none&quot;}\" data-widget_type=\"image.default\">\n\t\t\t\t\t\t\t\t\t\t\t\t\t\t\t<img decoding=\"async\" src=\"https:\/\/saezpro.com\/wp-content\/uploads\/elementor\/thumbs\/PHOTO-2026-01-08-13-07-35_3-rhqttksni15i3umnl1wpznqsy7dc6zmzw3nhkkcpy0.jpg\" title=\"entreprise \u00e9tanch\u00e9it\u00e9 Strasbourg\" alt=\"entreprise \u00e9tanch\u00e9it\u00e9 Strasbourg\" loading=\"lazy\" \/>\t\t\t\t\t\t\t\t\t\t\t\t\t\t\t<\/div>\n\t\t\t\t\t<\/div>\n\t\t<\/div>\n\t\t\t\t\t<\/div>\n\t\t<\/section>\n\t\t\t\t\t<\/div>\n\t\t<\/div>\n\t\t\t\t\t<\/div>\n\t\t<\/section>\n\t\t\t\t<section class=\"elementor-section elementor-top-section elementor-element elementor-element-68dd21e elementor-section-full_width elementor-section-content-middle elementor-section-height-default elementor-section-height-default\" data-id=\"68dd21e\" data-element_type=\"section\">\n\t\t\t\t\t\t<div class=\"elementor-container elementor-column-gap-default\">\n\t\t\t\t\t<div class=\"elementor-column elementor-col-100 elementor-top-column elementor-element elementor-element-16acc26\" data-id=\"16acc26\" data-element_type=\"column\">\n\t\t\t<div class=\"elementor-widget-wrap elementor-element-populated\">\n\t\t\t\t\t\t<section class=\"elementor-section elementor-inner-section elementor-element elementor-element-2b972ee elementor-section-full_width elementor-section-height-default elementor-section-height-default\" data-id=\"2b972ee\" data-element_type=\"section\">\n\t\t\t\t\t\t<div class=\"elementor-container elementor-column-gap-no\">\n\t\t\t\t\t<div class=\"elementor-column elementor-col-50 elementor-inner-column elementor-element elementor-element-5387748 elementor-invisible\" data-id=\"5387748\" data-element_type=\"column\" data-settings=\"{&quot;animation&quot;:&quot;slideInLeft&quot;}\">\n\t\t\t<div class=\"elementor-widget-wrap elementor-element-populated\">\n\t\t\t\t\t\t<div class=\"elementor-element elementor-element-bf87ed0 animated-slow elementor-widget elementor-widget-image\" data-id=\"bf87ed0\" data-element_type=\"widget\" data-settings=\"{&quot;_animation&quot;:&quot;none&quot;}\" data-widget_type=\"image.default\">\n\t\t\t\t\t\t\t\t\t\t\t\t\t\t\t<img decoding=\"async\" src=\"https:\/\/saezpro.com\/wp-content\/uploads\/elementor\/thumbs\/PHOTO-2026-01-08-13-07-35_3-rhqttksni15i3umnl1wpznqsy7dc6zmzw3nhkkcpy0.jpg\" title=\"entreprise \u00e9tanch\u00e9it\u00e9 Strasbourg\" alt=\"entreprise \u00e9tanch\u00e9it\u00e9 Strasbourg\" loading=\"lazy\" \/>\t\t\t\t\t\t\t\t\t\t\t\t\t\t\t<\/div>\n\t\t\t\t\t<\/div>\n\t\t<\/div>\n\t\t\t\t<div class=\"elementor-column elementor-col-50 elementor-inner-column elementor-element elementor-element-e30b1d1 elementor-invisible\" data-id=\"e30b1d1\" data-element_type=\"column\" data-settings=\"{&quot;background_background&quot;:&quot;classic&quot;,&quot;animation&quot;:&quot;slideInRight&quot;}\">\n\t\t\t<div class=\"elementor-widget-wrap elementor-element-populated\">\n\t\t\t\t\t\t<div class=\"elementor-element elementor-element-bb12e35 elementor-widget elementor-widget-heading\" data-id=\"bb12e35\" data-element_type=\"widget\" data-widget_type=\"heading.default\">\n\t\t\t\t\t<h2 class=\"elementor-heading-title elementor-size-default\">Imperm\u00e9abilisation des murs &amp; fondations<\/h2>\t\t\t\t<\/div>\n\t\t\t\t<div class=\"elementor-element elementor-element-fc3121d elementor-widget elementor-widget-text-editor\" data-id=\"fc3121d\" data-element_type=\"widget\" data-widget_type=\"text-editor.default\">\n\t\t\t\t\t\t\t\t\t<ul><li>Traitement contre l\u2019humidit\u00e9.<\/li><li>\u00c9tanch\u00e9it\u00e9 des murs enterr\u00e9s.<\/li><li>Protection des fa\u00e7ades.<\/li><li>Pr\u00e9vention des remont\u00e9es capillaires.<\/li><\/ul>\t\t\t\t\t\t\t\t<\/div>\n\t\t\t\t<div class=\"elementor-element elementor-element-50395bf elementor-widget-divider--view-line elementor-widget elementor-widget-divider\" data-id=\"50395bf\" data-element_type=\"widget\" data-widget_type=\"divider.default\">\n\t\t\t\t\t\t\t<div class=\"elementor-divider\">\n\t\t\t<span class=\"elementor-divider-separator\">\n\t\t\t\t\t\t<\/span>\n\t\t<\/div>\n\t\t\t\t\t\t<\/div>\n\t\t\t\t<div class=\"elementor-element elementor-element-d969953 elementor-widget elementor-widget-heading\" data-id=\"d969953\" data-element_type=\"widget\" data-settings=\"{&quot;_animation&quot;:&quot;none&quot;}\" data-widget_type=\"heading.default\">\n\t\t\t\t\t<h2 class=\"elementor-heading-title elementor-size-default\">Nous prot\u00e9geons vos murs, fa\u00e7ades et fondations contre l\u2019humidit\u00e9 et les infiltrations.\nNos traitements emp\u00eachent les d\u00e9gradations structurelles dues aux eaux souterraines et aux intemp\u00e9ries.\nPour les murs enterr\u00e9s, nous appliquons des syst\u00e8mes \u00e9tanches adapt\u00e9s aux pressions d\u2019eau.\nSur les fa\u00e7ades, nos solutions cr\u00e9ent une barri\u00e8re invisible qui laisse respirer le support.\nNous intervenons \u00e9galement contre les remont\u00e9es capillaires en traitant l\u2019humidit\u00e9 \u00e0 la source.\nNotre objectif est de pr\u00e9server la solidit\u00e9 de vos b\u00e2timents et de garantir un int\u00e9rieur sain.<\/h2>\t\t\t\t<\/div>\n\t\t\t\t\t<\/div>\n\t\t<\/div>\n\t\t\t\t\t<\/div>\n\t\t<\/section>\n\t\t\t\t\t<\/div>\n\t\t<\/div>\n\t\t\t\t\t<\/div>\n\t\t<\/section>\n\t\t\t\t<section class=\"elementor-section elementor-top-section elementor-element elementor-element-cee4da6 elementor-section-full_width elementor-section-content-middle elementor-section-height-default elementor-section-height-default\" data-id=\"cee4da6\" data-element_type=\"section\">\n\t\t\t\t\t\t<div class=\"elementor-container elementor-column-gap-default\">\n\t\t\t\t\t<div class=\"elementor-column elementor-col-100 elementor-top-column elementor-element elementor-element-7eb506f\" data-id=\"7eb506f\" data-element_type=\"column\">\n\t\t\t<div class=\"elementor-widget-wrap elementor-element-populated\">\n\t\t\t\t\t\t<section class=\"elementor-section elementor-inner-section elementor-element elementor-element-e986438 elementor-section-full_width elementor-section-height-default elementor-section-height-default\" data-id=\"e986438\" data-element_type=\"section\">\n\t\t\t\t\t\t<div class=\"elementor-container elementor-column-gap-no\">\n\t\t\t\t\t<div class=\"elementor-column elementor-col-50 elementor-inner-column elementor-element elementor-element-77a4f91 elementor-invisible\" data-id=\"77a4f91\" data-element_type=\"column\" data-settings=\"{&quot;background_background&quot;:&quot;classic&quot;,&quot;animation&quot;:&quot;slideInRight&quot;}\">\n\t\t\t<div class=\"elementor-widget-wrap elementor-element-populated\">\n\t\t\t\t\t\t<div class=\"elementor-element elementor-element-deb6967 elementor-widget elementor-widget-heading\" data-id=\"deb6967\" data-element_type=\"widget\" data-widget_type=\"heading.default\">\n\t\t\t\t\t<h2 class=\"elementor-heading-title elementor-size-default\">Diagnostic &amp; entretien<\/h2>\t\t\t\t<\/div>\n\t\t\t\t<div class=\"elementor-element elementor-element-62a4c60 elementor-widget elementor-widget-text-editor\" data-id=\"62a4c60\" data-element_type=\"widget\" data-widget_type=\"text-editor.default\">\n\t\t\t\t\t\t\t\t\t<ul><li>Recherche de fuites.<\/li><li>Diagnostic humidit\u00e9.<\/li><li>Entretien pr\u00e9ventif.<\/li><li>Conseils techniques personnalis\u00e9s.<\/li><\/ul>\t\t\t\t\t\t\t\t<\/div>\n\t\t\t\t<div class=\"elementor-element elementor-element-2757034 elementor-widget-divider--view-line elementor-widget elementor-widget-divider\" data-id=\"2757034\" data-element_type=\"widget\" data-widget_type=\"divider.default\">\n\t\t\t\t\t\t\t<div class=\"elementor-divider\">\n\t\t\t<span class=\"elementor-divider-separator\">\n\t\t\t\t\t\t<\/span>\n\t\t<\/div>\n\t\t\t\t\t\t<\/div>\n\t\t\t\t<div class=\"elementor-element elementor-element-def3164 elementor-widget elementor-widget-heading\" data-id=\"def3164\" data-element_type=\"widget\" data-settings=\"{&quot;_animation&quot;:&quot;none&quot;}\" data-widget_type=\"heading.default\">\n\t\t\t\t\t<h2 class=\"elementor-heading-title elementor-size-default\">Avant toute intervention, nous r\u00e9alisons un diagnostic complet pour comprendre l\u2019origine des probl\u00e8mes.\nNous d\u00e9tectons les fuites visibles et invisibles gr\u00e2ce \u00e0 des m\u00e9thodes pr\u00e9cises et non destructives.\nNos analyses d\u2019humidit\u00e9 permettent de cibler la solution id\u00e9ale et d\u2019\u00e9viter les r\u00e9parations inutiles.\nNous proposons des contrats d\u2019entretien pr\u00e9ventif pour garder vos surfaces \u00e9tanches toute l\u2019ann\u00e9e.\nNotre \u00e9quipe vous conseille sur les mat\u00e9riaux et les techniques adapt\u00e9s \u00e0 votre projet.\nAvec notre accompagnement, vous s\u00e9curisez votre b\u00e2timent et \u00e9vitez les d\u00e9penses impr\u00e9vues \u00e0 long terme.<\/h2>\t\t\t\t<\/div>\n\t\t\t\t\t<\/div>\n\t\t<\/div>\n\t\t\t\t<div class=\"elementor-column elementor-col-50 elementor-inner-column elementor-element elementor-element-6cee360 elementor-invisible\" data-id=\"6cee360\" data-element_type=\"column\" data-settings=\"{&quot;animation&quot;:&quot;slideInLeft&quot;}\">\n\t\t\t<div class=\"elementor-widget-wrap elementor-element-populated\">\n\t\t\t\t\t\t<div class=\"elementor-element elementor-element-4d9d0c1 animated-slow elementor-widget elementor-widget-image\" data-id=\"4d9d0c1\" data-element_type=\"widget\" data-settings=\"{&quot;_animation&quot;:&quot;none&quot;}\" data-widget_type=\"image.default\">\n\t\t\t\t\t\t\t\t\t\t\t\t\t\t\t<img decoding=\"async\" src=\"https:\/\/saezpro.com\/wp-content\/uploads\/elementor\/thumbs\/PHOTO-2026-01-08-13-07-35_3-rhqttksni15i3umnl1wpznqsy7dc6zmzw3nhkkcpy0.jpg\" title=\"entreprise \u00e9tanch\u00e9it\u00e9 Strasbourg\" alt=\"entreprise \u00e9tanch\u00e9it\u00e9 Strasbourg\" loading=\"lazy\" \/>\t\t\t\t\t\t\t\t\t\t\t\t\t\t\t<\/div>\n\t\t\t\t\t<\/div>\n\t\t<\/div>\n\t\t\t\t\t<\/div>\n\t\t<\/section>\n\t\t\t\t\t<\/div>\n\t\t<\/div>\n\t\t\t\t\t<\/div>\n\t\t<\/section>\n\t\t\t\t<\/div>\n\t\t","protected":false},"excerpt":{"rendered":"<p>NOS SERVICES Une expertise familiale reconnue Chaque solution est \u00e9tudi\u00e9e selon votre b\u00e2timent et vos besoins. \u00c9tanch\u00e9it\u00e9 de toitures Toitures plates et inclin\u00e9es. \u00c9tanch\u00e9it\u00e9 bitumineuse, membranes, r\u00e9sines. R\u00e9paration de fuites et infiltrations. R\u00e9novation et entretien de toitures. Nos solutions d\u2019\u00e9tanch\u00e9it\u00e9 de toitures garantissent une protection durable contre les infiltrations et les intemp\u00e9ries. Nous intervenons sur [&hellip;]<\/p>\n","protected":false},"author":1,"featured_media":0,"parent":0,"menu_order":0,"comment_status":"closed","ping_status":"closed","template":"","meta":{"footnotes":""},"folder":[],"class_list":["post-145","page","type-page","status-publish","hentry"],"_links":{"self":[{"href":"https:\/\/saezpro.com\/index.php\/wp-json\/wp\/v2\/pages\/145","targetHints":{"allow":["GET"]}}],"collection":[{"href":"https:\/\/saezpro.com\/index.php\/wp-json\/wp\/v2\/pages"}],"about":[{"href":"https:\/\/saezpro.com\/index.php\/wp-json\/wp\/v2\/types\/page"}],"author":[{"embeddable":true,"href":"https:\/\/saezpro.com\/index.php\/wp-json\/wp\/v2\/users\/1"}],"replies":[{"embeddable":true,"href":"https:\/\/saezpro.com\/index.php\/wp-json\/wp\/v2\/comments?post=145"}],"version-history":[{"count":113,"href":"https:\/\/saezpro.com\/index.php\/wp-json\/wp\/v2\/pages\/145\/revisions"}],"predecessor-version":[{"id":524,"href":"https:\/\/saezpro.com\/index.php\/wp-json\/wp\/v2\/pages\/145\/revisions\/524"}],"wp:attachment":[{"href":"https:\/\/saezpro.com\/index.php\/wp-json\/wp\/v2\/media?parent=145"}],"wp:term":[{"taxonomy":"folder","embeddable":true,"href":"https:\/\/saezpro.com\/index.php\/wp-json\/wp\/v2\/folder?post=145"}],"curies":[{"name":"wp","href":"https:\/\/api.w.org\/{rel}","templated":true}]}}